{"id":4540,"date":"2016-01-29T14:52:08","date_gmt":"2016-01-29T13:52:08","guid":{"rendered":"http:\/\/at-medicalsbe.webhosting.be\/?product=heine-tensiometre-manuel-sans-latex-1-piece"},"modified":"2016-04-01T15:58:17","modified_gmt":"2016-04-01T14:58:17","slug":"heine-tensiometre-manuel-sans-latex-1-piece","status":"publish","type":"product","link":"https:\/\/at-medicals.be\/fr\/produit\/heine-tensiometre-manuel-sans-latex-1-piece\/","title":{"rendered":"Heine tensiom\u00e8tre manuel sans latex 1 pi\u00e8ce"},"content":{"rendered":"<p>Heine tensiom\u00e8tre manuel sans latex 1 pi\u00e8ce<\/p>\n","protected":false},"excerpt":{"rendered":"<p>Heine tensiom\u00e8tre manuel sans latex 1 pi\u00e8ce<\/p>\n","protected":false},"featured_media":4547,"template":"","meta":{"_et_pb_use_builder":"","_et_pb_old_content":"","_et_gb_content_width":""},"product_cat":[1095,1083],"product_tag":[],"_links":{"self":[{"href":"https:\/\/at-medicals.be\/fr\/wp-json\/wp\/v2\/product\/4540"}],"collection":[{"href":"https:\/\/at-medicals.be\/fr\/wp-json\/wp\/v2\/product"}],"about":[{"href":"https:\/\/at-medicals.be\/fr\/wp-json\/wp\/v2\/types\/product"}],"wp:featuredmedia":[{"embeddable":true,"href":"https:\/\/at-medicals.be\/fr\/wp-json\/wp\/v2\/media\/4547"}],"wp:attachment":[{"href":"https:\/\/at-medicals.be\/fr\/wp-json\/wp\/v2\/media?parent=4540"}],"wp:term":[{"taxonomy":"product_cat","embeddable":true,"href":"https:\/\/at-medicals.be\/fr\/wp-json\/wp\/v2\/product_cat?post=4540"},{"taxonomy":"product_tag","embeddable":true,"href":"https:\/\/at-medicals.be\/fr\/wp-json\/wp\/v2\/product_tag?post=4540"}],"curies":[{"name":"wp","href":"https:\/\/api.w.org\/{rel}","templated":true}]}}